{"id":15674,"date":"2022-04-30T09:34:53","date_gmt":"2022-04-30T09:34:53","guid":{"rendered":"https:\/\/tailordisplays.com\/?page_id=15674"},"modified":"2026-02-04T03:09:39","modified_gmt":"2026-02-04T08:09:39","slug":"refund_returns","status":"publish","type":"page","link":"https:\/\/tailordisplays.com\/es\/refund_returns\/","title":{"rendered":"Pol\u00edtica de devoluciones y reembolsos"},"content":{"rendered":"<div data-elementor-type=\"wp-page\" data-elementor-id=\"15674\" class=\"elementor elementor-15674\" data-elementor-post-type=\"page\">\n\t\t\t\t<div class=\"wd-negative-gap elementor-element elementor-element-46c1b4 e-flex e-con-boxed e-con e-parent\" data-id=\"46c1b4\" data-element_type=\"container\" data-e-type=\"container\">\n\t\t\t\t\t<div class=\"e-con-inner\">\n\t\t\t\t<div class=\"elementor-element elementor-element-68eaae24 color-scheme-inherit text-left elementor-widget elementor-widget-text-editor\" data-id=\"68eaae24\" data-element_type=\"widget\" data-e-type=\"widget\" data-widget_type=\"text-editor.default\">\n\t\t\t\t<div class=\"elementor-widget-container\">\n\t\t\t\t\t\t\t\t\t<h3>\u00a0<\/h3>\n<h3>Visi\u00f3n general<\/h3>\n<div>\u00a0<\/div>\n<p><!-- \/wp:paragraph --><!-- wp:paragraph --><\/p>\n<p data-start=\"434\" data-end=\"465\">En <strong data-start=\"261\" data-end=\"280\">Expositores a medida<\/strong>, nos comprometemos a ofrecer productos de alta calidad y un servicio fiable. Si experimenta un problema de calidad con su pedido, estamos aqu\u00ed para ayudarle.<\/p>\n<p data-start=\"434\" data-end=\"465\">\u00a0<\/p>\n<h3 data-start=\"434\" data-end=\"465\">Garant\u00eda de devoluci\u00f3n del dinero en 30 d\u00edas<\/h3>\n<p data-start=\"467\" data-end=\"590\">Puede devolver los art\u00edculos que cumplan los requisitos <strong data-start=\"497\" data-end=\"526\">en un plazo de 30 d\u00edas a partir de la recepci\u00f3n<\/strong> para un reembolso <strong data-start=\"540\" data-end=\"589\">si los productos tienen un problema de calidad verificado<\/strong>.<\/p>\n<p data-start=\"592\" data-end=\"858\">Una vez que la mercanc\u00eda devuelta llega a nuestras instalaciones, el proceso de devoluci\u00f3n y reembolso suele tardar <strong data-start=\"686\" data-end=\"718\">aproximadamente 5 d\u00edas laborables<\/strong>. El tiempo exacto para que el reembolso aparezca en su cuenta depende del proveedor de pago utilizado (por ejemplo, PayPal o el emisor de una tarjeta de cr\u00e9dito).<\/p>\n<p><!-- \/wp:paragraph --><!-- wp:paragraph --><!-- \/wp:paragraph --><!-- wp:paragraph --><!-- \/wp:paragraph --><!-- wp:paragraph --><\/p>\n<p>Art\u00edculos adicionales no retornables:<\/p>\n<p><!-- \/wp:paragraph --><!-- wp:list --><\/p>\n<ul>\n<li>Tarjetas regalo<\/li>\n<li>Programas descargables<\/li>\n<li>Algunos art\u00edculos de salud y cuidado personal<\/li>\n<\/ul>\n<p><!-- \/wp:list --><!-- wp:paragraph --><\/p>\n<p>Para completar su devoluci\u00f3n, necesitamos un recibo o prueba de compra.<\/p>\n<p><!-- \/wp:paragraph --><!-- wp:paragraph --><!-- \/wp:paragraph --><!-- wp:paragraph --><\/p>\n<p><!-- \/wp:list --><!-- wp:paragraph --><\/p>\n<h2>\u00a0<\/h2>\n<h2>Condiciones de devoluci\u00f3n<\/h2>\n<p data-start=\"888\" data-end=\"927\">Para tener derecho a devoluci\u00f3n y reembolso:<\/p>\n<ul data-start=\"929\" data-end=\"1206\">\n<li data-start=\"929\" data-end=\"985\">\n<p data-start=\"931\" data-end=\"985\">Los art\u00edculos deben <strong data-start=\"945\" data-end=\"955\">sin usar<\/strong> y en <strong data-start=\"963\" data-end=\"985\">estado original<\/strong><\/p>\n<\/li>\n<li data-start=\"986\" data-end=\"1049\">\n<p data-start=\"988\" data-end=\"1049\">Todos los productos deben devolverse en su <strong data-start=\"1027\" data-end=\"1049\">embalaje original<\/strong><\/p>\n<\/li>\n<li data-start=\"1050\" data-end=\"1089\">\n<p data-start=\"1052\" data-end=\"1089\">Todas las cajas originales deben <strong data-start=\"1079\" data-end=\"1089\">intacto<\/strong><\/p>\n<\/li>\n<li data-start=\"1090\" data-end=\"1206\">\n<p data-start=\"1092\" data-end=\"1206\">La declaraci\u00f3n debe incluir <strong data-start=\"1116\" data-end=\"1169\">todos los accesorios, manuales y materiales de embalaje<\/strong> suministrado originalmente con el producto<\/p>\n<\/li>\n<\/ul>\n<p data-start=\"1208\" data-end=\"1283\">Las devoluciones que no cumplan estas condiciones no podr\u00e1n ser reembolsadas.<\/p>\n<p><!-- \/wp:paragraph --><!-- wp:paragraph --><\/p>\n<p><!-- \/wp:paragraph --><!-- wp:paragraph --><\/p>\n<p>\u00a0<\/p>\n<p><!-- \/wp:paragraph --><!-- wp:paragraph --><\/p>\n<h3>Autorizaci\u00f3n de devoluci\u00f3n (RMA obligatorio)<\/h3>\n<p><!-- \/wp:paragraph --><!-- wp:paragraph --><\/p>\n<p data-start=\"1331\" data-end=\"1445\">Antes de devolver cualquier art\u00edculo <strong data-start=\"1362\" data-end=\"1381\">debe ponerse en contacto con nosotros<\/strong> y obtener un <strong data-start=\"1395\" data-end=\"1444\">N\u00famero de autorizaci\u00f3n de devoluci\u00f3n de mercanc\u00eda (RMA)<\/strong>.<\/p>\n<ul data-start=\"1447\" data-end=\"1581\">\n<li data-start=\"1447\" data-end=\"1508\">\n<p data-start=\"1449\" data-end=\"1508\">Devoluciones enviadas <strong data-start=\"1462\" data-end=\"1508\">sin n\u00famero RMA no se aceptar\u00e1n<\/strong><\/p>\n<\/li>\n<li data-start=\"1509\" data-end=\"1581\">\n<p data-start=\"1511\" data-end=\"1581\">Productos devueltos sin autorizaci\u00f3n previa <strong data-start=\"1557\" data-end=\"1581\">no se reembolsar\u00e1<\/strong><\/p>\n<\/li>\n<\/ul>\n<p data-start=\"1583\" data-end=\"1667\">Por favor, p\u00f3ngase en contacto con nuestro equipo de soporte en {tailor@tailorpixels.com} para obtener instrucciones RMA antes de enviar cualquier art\u00edculo de vuelta.<\/p>\n<p>\u00a0<\/p>\n<p><!-- \/wp:paragraph --><!-- wp:paragraph --><\/p>\n<h3>Gastos de devoluci\u00f3n<\/h3>\n<p><!-- \/wp:paragraph --><!-- wp:paragraph --><\/p>\n<ul data-start=\"1702\" data-end=\"1887\">\n<li data-start=\"1702\" data-end=\"1768\">\n<p data-start=\"1704\" data-end=\"1768\"><strong data-start=\"1704\" data-end=\"1768\">Los gastos de devoluci\u00f3n correr\u00e1n a cargo del cliente<\/strong><\/p>\n<\/li>\n<li data-start=\"1769\" data-end=\"1838\">\n<p data-start=\"1771\" data-end=\"1838\">Esto incluye <strong data-start=\"1785\" data-end=\"1838\">todos los impuestos de exportaci\u00f3n, derechos de importaci\u00f3n y tasas conexas<\/strong><\/p>\n<\/li>\n<li data-start=\"1839\" data-end=\"1887\">\n<p data-start=\"1841\" data-end=\"1887\">Los gastos de env\u00edo y los impuestos son <strong data-start=\"1869\" data-end=\"1887\">no reembolsable<\/strong><\/p>\n<\/li>\n<\/ul>\n<p>\u00a0<\/p>\n<h3>Importe del reembolso<\/h3>\n<ul>\n<li data-start=\"1913\" data-end=\"1972\">\n<p data-start=\"1915\" data-end=\"1972\">El reembolso se efectuar\u00e1 al <strong data-start=\"1945\" data-end=\"1972\">forma de pago original<\/strong><\/p>\n<\/li>\n<li data-start=\"1973\" data-end=\"2062\">\n<p data-start=\"1975\" data-end=\"2062\">El importe del reembolso <strong data-start=\"1993\" data-end=\"2062\">no superar\u00e1 el importe del pedido original pagado a Tailor Displays<\/strong><\/p>\n<\/li>\n<li data-start=\"2063\" data-end=\"2188\">\n<p data-start=\"2065\" data-end=\"2188\">Somos <strong data-start=\"2072\" data-end=\"2147\">no se hace responsable de las comisiones bancarias, las comisiones por cambio de divisas u otros gastos<\/strong> aplicado por su banco o proveedor de pagos<\/p>\n<\/li>\n<li data-start=\"2189\" data-end=\"2281\">\n<p data-start=\"2191\" data-end=\"2281\">Dichas comisiones las determina el banco emisor y <strong data-start=\"2240\" data-end=\"2281\">no puede ser reembolsado por Tailor Displays<\/strong><\/p>\n<\/li>\n<\/ul>\n<p><!-- \/wp:paragraph --><!-- wp:paragraph --><\/p>\n<p><!-- \/wp:paragraph --><!-- wp:paragraph --><\/p>\n<p><!-- \/wp:paragraph --><!-- wp:paragraph --><\/p>\n<p><!-- \/wp:paragraph --><!-- wp:paragraph --><\/p>\n<p><!-- \/wp:paragraph --><!-- wp:paragraph --><\/p>\n<p><!-- \/wp:paragraph --><!-- wp:paragraph --><\/p>\n<p><!-- \/wp:paragraph --><!-- wp:paragraph --><\/p>\n<p><!-- \/wp:paragraph --><!-- wp:paragraph --><\/p>\n<p><!-- \/wp:paragraph --><!-- wp:paragraph --><\/p>\n<p><!-- \/wp:paragraph --><!-- wp:paragraph --><\/p>\n<p><!-- \/wp:paragraph --><!-- wp:paragraph --><\/p>\n<p>\u00a0<\/p>\n<p><!-- \/wp:paragraph --><!-- wp:paragraph --><\/p>\n<h2>\u00bfNecesita ayuda?<\/h2>\n<p><!-- \/wp:paragraph --><!-- wp:paragraph --><\/p>\n<p>P\u00f3ngase en contacto con nosotros en {tailor@tailorpixels.com} para cuestiones relacionadas con reembolsos y devoluciones.<\/p>\n<p><!-- \/wp:paragraph --><\/p>\t\t\t\t\t\t\t\t<\/div>\n\t\t\t\t<\/div>\n\t\t\t\t\t<\/div>\n\t\t\t\t<\/div>\n\t\t\t\t<\/div>","protected":false},"excerpt":{"rendered":"<p>\u00a0 Overview \u00a0 At Tailor Displays, we are committed to providing high-quality products and reliable service. If you experience a<\/p>","protected":false},"author":1,"featured_media":0,"parent":0,"menu_order":47,"comment_status":"closed","ping_status":"closed","template":"","meta":{"footnotes":""},"class_list":["post-15674","page","type-page","status-publish","hentry"],"_links":{"self":[{"href":"https:\/\/tailordisplays.com\/es\/wp-json\/wp\/v2\/pages\/15674","targetHints":{"allow":["GET"]}}],"collection":[{"href":"https:\/\/tailordisplays.com\/es\/wp-json\/wp\/v2\/pages"}],"about":[{"href":"https:\/\/tailordisplays.com\/es\/wp-json\/wp\/v2\/types\/page"}],"author":[{"embeddable":true,"href":"https:\/\/tailordisplays.com\/es\/wp-json\/wp\/v2\/users\/1"}],"replies":[{"embeddable":true,"href":"https:\/\/tailordisplays.com\/es\/wp-json\/wp\/v2\/comments?post=15674"}],"version-history":[{"count":12,"href":"https:\/\/tailordisplays.com\/es\/wp-json\/wp\/v2\/pages\/15674\/revisions"}],"predecessor-version":[{"id":29179,"href":"https:\/\/tailordisplays.com\/es\/wp-json\/wp\/v2\/pages\/15674\/revisions\/29179"}],"wp:attachment":[{"href":"https:\/\/tailordisplays.com\/es\/wp-json\/wp\/v2\/media?parent=15674"}],"curies":[{"name":"wp","href":"https:\/\/api.w.org\/{rel}","templated":true}]}}