{"id":26529,"date":"2026-02-07T04:10:13","date_gmt":"2026-02-07T09:10:13","guid":{"rendered":"https:\/\/tailordisplays.com\/?post_type=product&#038;p=26529"},"modified":"2026-02-07T04:10:13","modified_gmt":"2026-02-07T09:10:13","slug":"lcd-test-box-eval-kit-for-mcu-spi-displays","status":"publish","type":"product","link":"https:\/\/tailordisplays.com\/pt\/produto\/lcd-test-box-eval-kit-for-mcu-spi-displays\/","title":{"rendered":"Caixa de teste de LCD, kit de avalia\u00e7\u00e3o para MCU, ecr\u00e3s SPI"},"content":{"rendered":"","protected":false},"excerpt":{"rendered":"<p>Modelo: <strong>Test Box A<\/strong><\/p>\n<p>Size: <strong>about 10.5x9x5.5CM<\/strong><br \/>\nResolu\u00e7\u00e3o:<strong> Max. 480&#215;854 Pixels<\/strong><br \/>\nSupport Interface: <strong>MCU, SPI<\/strong><br \/>\nImage Storage: <strong>SD card\u00a0<\/strong><br \/>\nRemark:\u00a0 <strong>power supply not included given different international standard<\/strong><\/p>\n<p>&nbsp;<\/p>","protected":false},"featured_media":26524,"comment_status":"open","ping_status":"closed","template":"","meta":[],"product_brand":[],"product_cat":[204],"product_tag":[],"class_list":{"0":"post-26529","1":"product","2":"type-product","3":"status-publish","4":"has-post-thumbnail","6":"product_cat-eval-kits-and-accessories","7":"tm-no-options","9":"first","10":"instock","11":"sale","12":"featured","13":"shipping-taxable","14":"purchasable","15":"product-type-simple"},"bundled_by":[],"bundle_stock_status":"instock","bundle_stock_quantity":null,"bundle_virtual":false,"bundle_layout":"","bundle_add_to_cart_form_location":"","bundle_editable_in_cart":false,"bundle_sold_individually_context":"","bundle_item_grouping":"","bundle_min_size":"","bundle_max_size":"","bundle_price":[],"bundled_items":[],"bundle_sell_ids":[],"_links":{"self":[{"href":"https:\/\/tailordisplays.com\/pt\/wp-json\/wp\/v2\/product\/26529","targetHints":{"allow":["GET"]}}],"collection":[{"href":"https:\/\/tailordisplays.com\/pt\/wp-json\/wp\/v2\/product"}],"about":[{"href":"https:\/\/tailordisplays.com\/pt\/wp-json\/wp\/v2\/types\/product"}],"replies":[{"embeddable":true,"href":"https:\/\/tailordisplays.com\/pt\/wp-json\/wp\/v2\/comments?post=26529"}],"version-history":[{"count":1,"href":"https:\/\/tailordisplays.com\/pt\/wp-json\/wp\/v2\/product\/26529\/revisions"}],"predecessor-version":[{"id":26532,"href":"https:\/\/tailordisplays.com\/pt\/wp-json\/wp\/v2\/product\/26529\/revisions\/26532"}],"wp:featuredmedia":[{"embeddable":true,"href":"https:\/\/tailordisplays.com\/pt\/wp-json\/wp\/v2\/media\/26524"}],"wp:attachment":[{"href":"https:\/\/tailordisplays.com\/pt\/wp-json\/wp\/v2\/media?parent=26529"}],"wp:term":[{"taxonomy":"product_brand","embeddable":true,"href":"https:\/\/tailordisplays.com\/pt\/wp-json\/wp\/v2\/product_brand?post=26529"},{"taxonomy":"product_cat","embeddable":true,"href":"https:\/\/tailordisplays.com\/pt\/wp-json\/wp\/v2\/product_cat?post=26529"},{"taxonomy":"product_tag","embeddable":true,"href":"https:\/\/tailordisplays.com\/pt\/wp-json\/wp\/v2\/product_tag?post=26529"}],"curies":[{"name":"wp","href":"https:\/\/api.w.org\/{rel}","templated":true}]}}