{"id":15036,"date":"2026-02-07T04:05:14","date_gmt":"2026-02-07T09:05:14","guid":{"rendered":"https:\/\/tailordisplays.com\/?post_type=product&#038;p=15036"},"modified":"2026-02-07T04:05:14","modified_gmt":"2026-02-07T09:05:14","slug":"2-3-inch-ips-tft-small-size-mcu","status":"publish","type":"product","link":"https:\/\/tailordisplays.com\/tr\/urun\/2-3-inch-ips-tft-small-size-mcu\/","title":{"rendered":"2.3 inch IPS TFT, MCU, 100\u00d7310 \uff08 Discontinued version for clearing inventory, if If this is not a one-time selection, please choose the new model  TTS023GVS-07\uff09"},"content":{"rendered":"","protected":false},"excerpt":{"rendered":"<p>Model: <strong>TTS023GVS-01<\/strong><\/p>\n<p>Diyagonal:<strong> 2.3&#8243;<\/strong><br \/>\n\u00c7\u00f6z\u00fcm:<strong> 100&#215;310 Pixels<\/strong><br \/>\nEkran Tipi:<strong> IPS<\/strong><br \/>\nAray\u00fcz: <strong>MCU 8bit<\/strong><br \/>\nS\u00fcr\u00fcc\u00fc IC: <a href=\"https:\/\/tailordisplays.com\/wp-content\/uploads\/2022\/05\/IC-ST7789V-Specification.pdf\" target=\"_blank\" rel=\"noopener\">ST7789V<\/a><\/p>","protected":false},"featured_media":15711,"comment_status":"open","ping_status":"closed","template":"","meta":[],"product_brand":[],"product_cat":[46,120],"product_tag":[],"class_list":{"0":"post-15036","1":"product","2":"type-product","3":"status-publish","4":"has-post-thumbnail","6":"product_cat-tft-lcd-display","7":"product_cat-bar-display","8":"pa_diagonal-tft-lcd-modules-below-3-inch","9":"pa_display-type-ips","10":"pa_input-interface-signal-mcu","11":"pa_screen-outline-bar","12":"tm-no-options","14":"first","15":"instock","16":"sale","17":"featured","18":"shipping-taxable","19":"purchasable","20":"product-type-simple"},"bundled_by":[],"bundle_stock_status":"instock","bundle_stock_quantity":null,"bundle_virtual":false,"bundle_layout":"","bundle_add_to_cart_form_location":"","bundle_editable_in_cart":false,"bundle_sold_individually_context":"","bundle_item_grouping":"","bundle_min_size":"","bundle_max_size":"","bundle_price":[],"bundled_items":[],"bundle_sell_ids":[],"_links":{"self":[{"href":"https:\/\/tailordisplays.com\/tr\/wp-json\/wp\/v2\/product\/15036","targetHints":{"allow":["GET"]}}],"collection":[{"href":"https:\/\/tailordisplays.com\/tr\/wp-json\/wp\/v2\/product"}],"about":[{"href":"https:\/\/tailordisplays.com\/tr\/wp-json\/wp\/v2\/types\/product"}],"replies":[{"embeddable":true,"href":"https:\/\/tailordisplays.com\/tr\/wp-json\/wp\/v2\/comments?post=15036"}],"version-history":[{"count":3,"href":"https:\/\/tailordisplays.com\/tr\/wp-json\/wp\/v2\/product\/15036\/revisions"}],"predecessor-version":[{"id":29299,"href":"https:\/\/tailordisplays.com\/tr\/wp-json\/wp\/v2\/product\/15036\/revisions\/29299"}],"wp:featuredmedia":[{"embeddable":true,"href":"https:\/\/tailordisplays.com\/tr\/wp-json\/wp\/v2\/media\/15711"}],"wp:attachment":[{"href":"https:\/\/tailordisplays.com\/tr\/wp-json\/wp\/v2\/media?parent=15036"}],"wp:term":[{"taxonomy":"product_brand","embeddable":true,"href":"https:\/\/tailordisplays.com\/tr\/wp-json\/wp\/v2\/product_brand?post=15036"},{"taxonomy":"product_cat","embeddable":true,"href":"https:\/\/tailordisplays.com\/tr\/wp-json\/wp\/v2\/product_cat?post=15036"},{"taxonomy":"product_tag","embeddable":true,"href":"https:\/\/tailordisplays.com\/tr\/wp-json\/wp\/v2\/product_tag?post=15036"}],"curies":[{"name":"wp","href":"https:\/\/api.w.org\/{rel}","templated":true}]}}