{"id":27928,"date":"2026-02-07T04:03:17","date_gmt":"2026-02-07T09:03:17","guid":{"rendered":"https:\/\/tailordisplays.com\/?post_type=product&#038;p=27928"},"modified":"2026-02-07T04:03:17","modified_gmt":"2026-02-07T09:03:17","slug":"7-0-inch-amoled-high-resolution-1080x1920-mipi-on-cell-touch","status":"publish","type":"product","link":"https:\/\/tailordisplays.com\/tr\/urun\/7-0-inch-amoled-high-resolution-1080x1920-mipi-on-cell-touch\/","title":{"rendered":"7.0 inch AMOLED, High Resolution 1080\u00d71920, MIPI, On-Cell Touch"},"content":{"rendered":"","protected":false},"excerpt":{"rendered":"<p>Model: <strong>TOQ070XVT-01C<\/strong><\/p>\n<p>Diyagonal: <strong>7.0&#8243;<\/strong><br \/>\n\u00c7\u00f6z\u00fcm: <strong>1080&#215;1920 Pixels<\/strong><br \/>\nEkran Tipi: <strong>AMOLED<\/strong><br \/>\nDokunmatik Ekran: <strong>On- Cell Capacitive Touch<\/strong><br \/>\nAray\u00fcz: <strong>MIPI<\/strong><br \/>\nAD Board Options: <strong>HDMI <\/strong>(<a href=\"https:\/\/tailordisplays.com\/wp-content\/uploads\/2025\/06\/TBQ801HD-01_HDMI-to-MIPI-AD-Board.pdf\" target=\"_blank\" rel=\"noopener\">TBQ801HD-01<\/a>)<br \/>\nS\u00fcr\u00fcc\u00fc IC: <strong>ICNA3512<\/strong><\/p>","protected":false},"featured_media":27944,"comment_status":"open","ping_status":"closed","template":"","meta":[],"product_brand":[],"product_cat":[228,46,130,124,123,133],"product_tag":[],"class_list":{"0":"post-27928","1":"product","2":"type-product","3":"status-publish","4":"has-post-thumbnail","6":"product_cat-amoled","7":"product_cat-tft-lcd-display","8":"product_cat-hdmi-display","9":"product_cat-high-resolution-display","10":"product_cat-touch-display","11":"product_cat-oled-display","12":"pa_diagonal-tft-lcd-modules-7-inch-to-10-1-inch","13":"pa_display-type-amoled","14":"pa_feature-high-resolution","15":"pa_input-interface-signal-mipi","16":"pa_touch-screen-capacitive-touch-screen","17":"tm-no-options","19":"first","20":"instock","21":"sale","22":"featured","23":"shipping-taxable","24":"purchasable","25":"product-type-simple"},"bundled_by":[],"bundle_stock_status":"instock","bundle_stock_quantity":null,"bundle_virtual":false,"bundle_layout":"","bundle_add_to_cart_form_location":"","bundle_editable_in_cart":false,"bundle_sold_individually_context":"","bundle_item_grouping":"","bundle_min_size":"","bundle_max_size":"","bundle_price":[],"bundled_items":[],"bundle_sell_ids":[],"_links":{"self":[{"href":"https:\/\/tailordisplays.com\/tr\/wp-json\/wp\/v2\/product\/27928","targetHints":{"allow":["GET"]}}],"collection":[{"href":"https:\/\/tailordisplays.com\/tr\/wp-json\/wp\/v2\/product"}],"about":[{"href":"https:\/\/tailordisplays.com\/tr\/wp-json\/wp\/v2\/types\/product"}],"replies":[{"embeddable":true,"href":"https:\/\/tailordisplays.com\/tr\/wp-json\/wp\/v2\/comments?post=27928"}],"version-history":[{"count":4,"href":"https:\/\/tailordisplays.com\/tr\/wp-json\/wp\/v2\/product\/27928\/revisions"}],"predecessor-version":[{"id":29290,"href":"https:\/\/tailordisplays.com\/tr\/wp-json\/wp\/v2\/product\/27928\/revisions\/29290"}],"wp:featuredmedia":[{"embeddable":true,"href":"https:\/\/tailordisplays.com\/tr\/wp-json\/wp\/v2\/media\/27944"}],"wp:attachment":[{"href":"https:\/\/tailordisplays.com\/tr\/wp-json\/wp\/v2\/media?parent=27928"}],"wp:term":[{"taxonomy":"product_brand","embeddable":true,"href":"https:\/\/tailordisplays.com\/tr\/wp-json\/wp\/v2\/product_brand?post=27928"},{"taxonomy":"product_cat","embeddable":true,"href":"https:\/\/tailordisplays.com\/tr\/wp-json\/wp\/v2\/product_cat?post=27928"},{"taxonomy":"product_tag","embeddable":true,"href":"https:\/\/tailordisplays.com\/tr\/wp-json\/wp\/v2\/product_tag?post=27928"}],"curies":[{"name":"wp","href":"https:\/\/api.w.org\/{rel}","templated":true}]}}