{"id":29359,"date":"2026-02-07T04:03:17","date_gmt":"2026-02-07T09:03:17","guid":{"rendered":"https:\/\/tailordisplays.com\/?post_type=product&#038;p=29359"},"modified":"2026-02-07T04:03:18","modified_gmt":"2026-02-07T09:03:18","slug":"5-0-inch-hdmi-display-vga-800x480-raspberry-pi","status":"publish","type":"product","link":"https:\/\/tailordisplays.com\/tr\/urun\/5-0-inch-hdmi-display-vga-800x480-raspberry-pi\/","title":{"rendered":"5.0 inch HDMI Display, VGA, 800\u00d7480, raspberry pi"},"content":{"rendered":"","protected":false},"excerpt":{"rendered":"<p>Model: <strong>TBZ050HD-01<\/strong><\/p>\n<p>Diyagonal: <strong>5.0&#8243;<\/strong><br \/>\n\u00c7\u00f6z\u00fcm: <strong>800&#215;480 Pixels<\/strong><br \/>\nEkran Tipi:<strong> IPS<\/strong><br \/>\nDokunmatik Ekran: <strong>Capacitive Touch Screen<\/strong><br \/>\nAray\u00fcz: <strong>HDMI\/VGA<\/strong><br \/>\nS\u00fcr\u00fcc\u00fc IC: <strong>RTD2660H<\/strong><\/p>","protected":false},"featured_media":23761,"comment_status":"open","ping_status":"closed","template":"","meta":[],"product_brand":[],"product_cat":[130],"product_tag":[],"class_list":{"0":"post-29359","1":"product","2":"type-product","3":"status-publish","4":"has-post-thumbnail","6":"product_cat-hdmi-display","7":"pa_diagonal-tft-lcd-modules-3-inch-to-6-inch","8":"pa_display-type-ips","9":"pa_input-interface-signal-hdmi","10":"pa_input-interface-signal-vga","11":"pa_touch-screen-capacitive-touch-screen","12":"tm-no-options","14":"first","15":"instock","16":"sale","17":"featured","18":"shipping-taxable","19":"purchasable","20":"product-type-simple"},"bundled_by":[],"bundle_stock_status":"instock","bundle_stock_quantity":null,"bundle_virtual":false,"bundle_layout":"","bundle_add_to_cart_form_location":"","bundle_editable_in_cart":false,"bundle_sold_individually_context":"","bundle_item_grouping":"","bundle_min_size":"","bundle_max_size":"","bundle_price":[],"bundled_items":[],"bundle_sell_ids":[],"_links":{"self":[{"href":"https:\/\/tailordisplays.com\/tr\/wp-json\/wp\/v2\/product\/29359","targetHints":{"allow":["GET"]}}],"collection":[{"href":"https:\/\/tailordisplays.com\/tr\/wp-json\/wp\/v2\/product"}],"about":[{"href":"https:\/\/tailordisplays.com\/tr\/wp-json\/wp\/v2\/types\/product"}],"replies":[{"embeddable":true,"href":"https:\/\/tailordisplays.com\/tr\/wp-json\/wp\/v2\/comments?post=29359"}],"version-history":[{"count":1,"href":"https:\/\/tailordisplays.com\/tr\/wp-json\/wp\/v2\/product\/29359\/revisions"}],"predecessor-version":[{"id":29361,"href":"https:\/\/tailordisplays.com\/tr\/wp-json\/wp\/v2\/product\/29359\/revisions\/29361"}],"wp:featuredmedia":[{"embeddable":true,"href":"https:\/\/tailordisplays.com\/tr\/wp-json\/wp\/v2\/media\/23761"}],"wp:attachment":[{"href":"https:\/\/tailordisplays.com\/tr\/wp-json\/wp\/v2\/media?parent=29359"}],"wp:term":[{"taxonomy":"product_brand","embeddable":true,"href":"https:\/\/tailordisplays.com\/tr\/wp-json\/wp\/v2\/product_brand?post=29359"},{"taxonomy":"product_cat","embeddable":true,"href":"https:\/\/tailordisplays.com\/tr\/wp-json\/wp\/v2\/product_cat?post=29359"},{"taxonomy":"product_tag","embeddable":true,"href":"https:\/\/tailordisplays.com\/tr\/wp-json\/wp\/v2\/product_tag?post=29359"}],"curies":[{"name":"wp","href":"https:\/\/api.w.org\/{rel}","templated":true}]}}